{"id":69233,"date":"2012-11-17T20:21:45","date_gmt":"2012-11-17T20:21:45","guid":{"rendered":"https:\/\/bbqboy.net\/?page_id=69233"},"modified":"2022-08-23T12:03:05","modified_gmt":"2022-08-23T12:03:05","slug":"quienes-somos","status":"publish","type":"page","link":"https:\/\/bbqboy.net\/es\/quienes-somos\/","title":{"rendered":"Quienes somos"},"content":{"rendered":"<div style=\"text-align: center;\"><iframe src=\"https:\/\/player.vimeo.com\/video\/279658135\" width=\"1100\" height=\"618\" frameborder=\"0\" allowfullscreen=\"allowfullscreen\"><span data-mce-type=\"bookmark\" style=\"display: inline-block; width: 0px; overflow: hidden; line-height: 0;\" class=\"mce_SELRES_start\">\ufeff<\/span><span data-mce-type=\"bookmark\" style=\"display: inline-block; width: 0px; overflow: hidden; line-height: 0;\" class=\"mce_SELRES_start\">\ufeff<\/span><span data-mce-type=\"bookmark\" style=\"display: inline-block; width: 0px; overflow: hidden; line-height: 0;\" class=\"mce_SELRES_start\">\ufeff<\/span><span data-mce-type=\"bookmark\" style=\"display: inline-block; width: 0px; overflow: hidden; line-height: 0;\" class=\"mce_SELRES_start\"><\/span><\/iframe><\/div>\n<p>&nbsp;<\/p>\n<div>\n<p><strong>\u00a1Hola! Somos Frank &amp; Lissette de Canad\u00e1. Salimos de Canad\u00e1 en 2014 y viajamos a tiempo completo hasta 2020 (cuando lleg\u00f3 la pandemia). Ahora estamos viviendo en Espa\u00f1a.<\/strong><\/p>\n<p><strong>Durante los 6 a\u00f1os de viajar a tiempo completo, viajamos \u00ablentamente\u00bb, a menudo permaneciendo en un lugar de 1 a 2 meses y us\u00e1ndolo como base para explorar una regi\u00f3n. Algunas de las bases que hemos tenido en los \u00faltimos 6 a\u00f1os: Praga, Budapest, Ciudad del Cabo, Kioto, Brasov, Bangkok, Chiang Mai, Lisboa, Sevilla, Padua, Cracovia, Kiev, Lviv y Split (donde vivimos durante un a\u00f1o). Viajar de esta manera reduce los costos y nos brinda la oportunidad de conocer realmente un lugar (aqu\u00ed encontrar\u00e1 m\u00e1s informaci\u00f3n sobre c\u00f3mo y por qu\u00e9 ralentizamos los viajes).<\/strong><\/p>\n<p><strong>En total, hemos visitado unos 50 pa\u00edses durante nuestros viajes.<\/strong><\/p>\n<p>&nbsp;<\/p>\n<p><img decoding=\"async\" class=\"size-full wp-image-69238 alignleft\" src=\"https:\/\/bbqboy.net\/wp-content\/uploads\/2022\/05\/Frank-Bbqboy.jpg\" alt=\"\" width=\"285\" height=\"324\" srcset=\"https:\/\/bbqboy.net\/wp-content\/uploads\/2022\/05\/Frank-Bbqboy-264x300.jpg 264w, https:\/\/bbqboy.net\/wp-content\/uploads\/2022\/05\/Frank-Bbqboy.jpg 285w\" sizes=\"(max-width: 285px) 100vw, 285px\" \/><\/p>\n<p>&nbsp;<\/p>\n<p>&nbsp;<\/p>\n<p>Soy Frank, tambi\u00e9n conocido como BBQboy. Hago la mayor parte de la escritura en el blog. Nac\u00ed fuera de la ciudad de Quebec, viv\u00ed en \u00c1frica durante algunos a\u00f1os cuando era ni\u00f1o y luego me mud\u00e9 entre Vancouver, Ottawa y Montreal. He tenido el gusanillo de viajar desde mi adolescencia y siempre he tratado de hacer al menos un viaje al a\u00f1o. Disfruto de lo ex\u00f3tico y aventurero; Los aspectos m\u00e1s destacados de los viajes hasta la fecha incluyen viajar con mochila por Colombia, andar en motocicleta por la Rep\u00fablica Dominicana y caminar por las monta\u00f1as del norte de Tailandia.<\/p>\n<p>&nbsp;<\/p>\n<p>&nbsp;<\/p>\n<p><img decoding=\"async\" class=\"size-full wp-image-69240 alignright\" src=\"https:\/\/bbqboy.net\/wp-content\/uploads\/2022\/05\/Lissette-Spanky.jpg\" alt=\"\" width=\"260\" height=\"317\" srcset=\"https:\/\/bbqboy.net\/wp-content\/uploads\/2022\/05\/Lissette-Spanky-246x300.jpg 246w, https:\/\/bbqboy.net\/wp-content\/uploads\/2022\/05\/Lissette-Spanky.jpg 260w\" sizes=\"(max-width: 260px) 100vw, 260px\" \/><\/p>\n<p>&nbsp;<\/p>\n<p>&nbsp;<\/p>\n<p><span style=\"color: var(--body-color,var(--color-body)); font-family: var(--body-font-family,unset); font-size: var(--body-font-size,var(--font-size-md)); font-style: var(--body-font-style,normal); font-weight: var(--body-font-weight,unset);\">Lissette (Spanky) es mi esposa. Originaria de Nueva York, de ascendencia puertorrique\u00f1a, tiene un maravilloso sentido del humor y una gran sonrisa. La conoc\u00ed en 2005 en Montreal. Disfruta de los aspectos culturales y espirituales de los viajes. El yoga, la meditaci\u00f3n y disfrutar de la arquitectura y la historia europeas son algunas de sus cosas favoritas. Tambi\u00e9n es una gran fot\u00f3grafa: la mayor\u00eda de las fotos en este sitio son suyas.<\/span><\/p>\n<p>&nbsp;<\/p>\n<p>&nbsp;<\/p>\n<p>&nbsp;<\/p>\n<p><strong>He creado este sitio web para documentar nuestros viajes. Escribimos lo bueno y lo malo de los lugares que visitamos; creemos que es importante tanto para nosotros (y nuestros propios recuerdos) como para los lectores de este blog. Hemos conocido a muchas personas que aspiran al mismo estilo de vida. Encontrar\u00e1s un poco de todo: historias, fotos y mucha informaci\u00f3n y consejos sobre los muchos lugares que hemos visitado. Disfrutamos el aspecto cultural de viajar y conectarnos con los lugare\u00f1os. Es lo que amamos de viajar.<\/strong><\/p>\n<p><strong>Esperamos que nuestro blog ayude e inspire, a su vez apreciamos cualquier comentario o idea.<\/strong><\/p>\n<p>&nbsp;<\/p>\n<p><strong><span style=\"color: #ff0000;\">La mayor parte de este blog est\u00e1 en ingl\u00e9s, pero estamos trabajando para traducir poco a poco en espa\u00f1ol. Gracias por su paciencia \ud83d\ude42<\/span><\/strong><\/p>\n<p>&nbsp;<\/p>\n<h3><strong>Informaci\u00f3n del contacto: (Ingl\u00e9s, Franc\u00e9s y Espa\u00f1ol)<\/strong><\/h3>\n<p>&nbsp;<\/p>\n<h3><strong>Email:&nbsp;<\/strong><span style=\"color: #800080;\"><strong>bbqboynet@gmail.com<\/strong><\/span><\/h3>\n<p>&nbsp;<\/p>\n<div>&nbsp;<\/div>\n<div>&nbsp;<\/div>\n<\/div>\n<div class='ctx-module-container ctx_default_placement ctx-clearfix'><\/div><span class=\"ctx-article-root\"><!-- --><\/span>","protected":false},"excerpt":{"rendered":"<p>\ufeff\ufeff\ufeff &nbsp; \u00a1Hola! Somos Frank &amp; Lissette de Canad\u00e1. Salimos de Canad\u00e1 en 2014 y viajamos a tiempo completo hasta 2020 (cuando lleg\u00f3 la pandemia). Ahora estamos viviendo en Espa\u00f1a. Durante los 6 a\u00f1os de viajar a tiempo completo, viajamos \u00ablentamente\u00bb, a menudo permaneciendo en un lugar de 1 a 2 meses y us\u00e1ndolo como &hellip;<\/p>\n","protected":false},"author":1,"featured_media":0,"parent":0,"menu_order":0,"comment_status":"open","ping_status":"open","template":"","meta":{"_acf_changed":false,"_genesis_hide_title":false,"_genesis_hide_breadcrumbs":false,"_genesis_hide_singular_image":false,"_genesis_hide_footer_widgets":false,"_genesis_custom_body_class":"","_genesis_custom_post_class":"","_genesis_layout":"wide-content","footnotes":""},"class_list":{"1":"page","2":"type-page","5":"entry"},"yoast_head":"<!-- This site is optimized with the Yoast SEO plugin v27.3 - https:\/\/yoast.com\/product\/yoast-seo-wordpress\/ -->\n<title>Quienes somos - The Travels of BBQboy and Spanky<\/title>\n<meta name=\"robots\" content=\"index, follow, max-snippet:-1, max-image-preview:large, max-video-preview:-1\" \/>\n<link rel=\"canonical\" href=\"https:\/\/bbqboy.net\/es\/quienes-somos\/\" \/>\n<meta property=\"og:locale\" content=\"es_ES\" \/>\n<meta property=\"og:type\" content=\"article\" \/>\n<meta property=\"og:title\" content=\"Quienes somos - The Travels of BBQboy and Spanky\" \/>\n<meta property=\"og:description\" content=\"\ufeff\ufeff\ufeff &nbsp; \u00a1Hola! Somos Frank &amp; Lissette de Canad\u00e1. Salimos de Canad\u00e1 en 2014 y viajamos a tiempo completo hasta 2020 (cuando lleg\u00f3 la pandemia). Ahora estamos viviendo en Espa\u00f1a. Durante los 6 a\u00f1os de viajar a tiempo completo, viajamos \u00ablentamente\u00bb, a menudo permaneciendo en un lugar de 1 a 2 meses y us\u00e1ndolo como &hellip;\" \/>\n<meta property=\"og:url\" content=\"https:\/\/bbqboy.net\/es\/quienes-somos\/\" \/>\n<meta property=\"og:site_name\" content=\"The Travels of BBQboy and Spanky\" \/>\n<meta property=\"article:modified_time\" content=\"2022-08-23T12:03:05+00:00\" \/>\n<meta property=\"og:image\" content=\"https:\/\/bbqboy.net\/wp-content\/uploads\/2022\/05\/Frank-Bbqboy.jpg\" \/>\n<meta name=\"twitter:card\" content=\"summary_large_image\" \/>\n<meta name=\"twitter:site\" content=\"@bbqboyandspanky\" \/>\n<meta name=\"twitter:label1\" content=\"Tiempo de lectura\" \/>\n\t<meta name=\"twitter:data1\" content=\"3 minutos\" \/>\n<script type=\"application\/ld+json\" class=\"yoast-schema-graph\">{\"@context\":\"https:\\\/\\\/schema.org\",\"@graph\":[{\"@type\":\"WebPage\",\"@id\":\"https:\\\/\\\/bbqboy.net\\\/es\\\/quienes-somos\\\/\",\"url\":\"https:\\\/\\\/bbqboy.net\\\/es\\\/quienes-somos\\\/\",\"name\":\"Quienes somos - The Travels of BBQboy and Spanky\",\"isPartOf\":{\"@id\":\"https:\\\/\\\/bbqboy.net\\\/es\\\/#website\"},\"primaryImageOfPage\":{\"@id\":\"https:\\\/\\\/bbqboy.net\\\/es\\\/quienes-somos\\\/#primaryimage\"},\"image\":{\"@id\":\"https:\\\/\\\/bbqboy.net\\\/es\\\/quienes-somos\\\/#primaryimage\"},\"thumbnailUrl\":\"https:\\\/\\\/bbqboy.net\\\/wp-content\\\/uploads\\\/2022\\\/05\\\/Frank-Bbqboy.jpg\",\"datePublished\":\"2012-11-17T20:21:45+00:00\",\"dateModified\":\"2022-08-23T12:03:05+00:00\",\"breadcrumb\":{\"@id\":\"https:\\\/\\\/bbqboy.net\\\/es\\\/quienes-somos\\\/#breadcrumb\"},\"inLanguage\":\"es\",\"potentialAction\":[{\"@type\":\"ReadAction\",\"target\":[\"https:\\\/\\\/bbqboy.net\\\/es\\\/quienes-somos\\\/\"]}]},{\"@type\":\"ImageObject\",\"inLanguage\":\"es\",\"@id\":\"https:\\\/\\\/bbqboy.net\\\/es\\\/quienes-somos\\\/#primaryimage\",\"url\":\"https:\\\/\\\/bbqboy.net\\\/wp-content\\\/uploads\\\/2022\\\/05\\\/Frank-Bbqboy.jpg\",\"contentUrl\":\"https:\\\/\\\/bbqboy.net\\\/wp-content\\\/uploads\\\/2022\\\/05\\\/Frank-Bbqboy.jpg\"},{\"@type\":\"BreadcrumbList\",\"@id\":\"https:\\\/\\\/bbqboy.net\\\/es\\\/quienes-somos\\\/#breadcrumb\",\"itemListElement\":[{\"@type\":\"ListItem\",\"position\":1,\"name\":\"Home\",\"item\":\"https:\\\/\\\/bbqboy.net\\\/es\\\/\"},{\"@type\":\"ListItem\",\"position\":2,\"name\":\"Quienes somos\"}]},{\"@type\":\"WebSite\",\"@id\":\"https:\\\/\\\/bbqboy.net\\\/es\\\/#website\",\"url\":\"https:\\\/\\\/bbqboy.net\\\/es\\\/\",\"name\":\"The Travels of BBQboy and Spanky\",\"description\":\"\",\"publisher\":{\"@id\":\"https:\\\/\\\/bbqboy.net\\\/es\\\/#organization\"},\"potentialAction\":[{\"@type\":\"SearchAction\",\"target\":{\"@type\":\"EntryPoint\",\"urlTemplate\":\"https:\\\/\\\/bbqboy.net\\\/es\\\/?s={search_term_string}\"},\"query-input\":{\"@type\":\"PropertyValueSpecification\",\"valueRequired\":true,\"valueName\":\"search_term_string\"}}],\"inLanguage\":\"es\"},{\"@type\":\"Organization\",\"@id\":\"https:\\\/\\\/bbqboy.net\\\/es\\\/#organization\",\"name\":\"The Travels of BBQboy and Spanky\",\"url\":\"https:\\\/\\\/bbqboy.net\\\/es\\\/\",\"logo\":{\"@type\":\"ImageObject\",\"inLanguage\":\"es\",\"@id\":\"https:\\\/\\\/bbqboy.net\\\/es\\\/#\\\/schema\\\/logo\\\/image\\\/\",\"url\":\"https:\\\/\\\/bbqboy.net\\\/wp-content\\\/uploads\\\/2021\\\/03\\\/Header-new-theme-jul-30.jpeg\",\"contentUrl\":\"https:\\\/\\\/bbqboy.net\\\/wp-content\\\/uploads\\\/2021\\\/03\\\/Header-new-theme-jul-30.jpeg\",\"width\":600,\"height\":199,\"caption\":\"The Travels of BBQboy and Spanky\"},\"image\":{\"@id\":\"https:\\\/\\\/bbqboy.net\\\/es\\\/#\\\/schema\\\/logo\\\/image\\\/\"},\"sameAs\":[\"https:\\\/\\\/x.com\\\/bbqboyandspanky\"]}]}<\/script>\n<!-- \/ Yoast SEO plugin. -->","yoast_head_json":{"title":"Quienes somos - The Travels of BBQboy and Spanky","robots":{"index":"index","follow":"follow","max-snippet":"max-snippet:-1","max-image-preview":"max-image-preview:large","max-video-preview":"max-video-preview:-1"},"canonical":"https:\/\/bbqboy.net\/es\/quienes-somos\/","og_locale":"es_ES","og_type":"article","og_title":"Quienes somos - The Travels of BBQboy and Spanky","og_description":"\ufeff\ufeff\ufeff &nbsp; \u00a1Hola! Somos Frank &amp; Lissette de Canad\u00e1. Salimos de Canad\u00e1 en 2014 y viajamos a tiempo completo hasta 2020 (cuando lleg\u00f3 la pandemia). Ahora estamos viviendo en Espa\u00f1a. Durante los 6 a\u00f1os de viajar a tiempo completo, viajamos \u00ablentamente\u00bb, a menudo permaneciendo en un lugar de 1 a 2 meses y us\u00e1ndolo como &hellip;","og_url":"https:\/\/bbqboy.net\/es\/quienes-somos\/","og_site_name":"The Travels of BBQboy and Spanky","article_modified_time":"2022-08-23T12:03:05+00:00","og_image":[{"url":"https:\/\/bbqboy.net\/wp-content\/uploads\/2022\/05\/Frank-Bbqboy.jpg","type":"","width":"","height":""}],"twitter_card":"summary_large_image","twitter_site":"@bbqboyandspanky","twitter_misc":{"Tiempo de lectura":"3 minutos"},"schema":{"@context":"https:\/\/schema.org","@graph":[{"@type":"WebPage","@id":"https:\/\/bbqboy.net\/es\/quienes-somos\/","url":"https:\/\/bbqboy.net\/es\/quienes-somos\/","name":"Quienes somos - The Travels of BBQboy and Spanky","isPartOf":{"@id":"https:\/\/bbqboy.net\/es\/#website"},"primaryImageOfPage":{"@id":"https:\/\/bbqboy.net\/es\/quienes-somos\/#primaryimage"},"image":{"@id":"https:\/\/bbqboy.net\/es\/quienes-somos\/#primaryimage"},"thumbnailUrl":"https:\/\/bbqboy.net\/wp-content\/uploads\/2022\/05\/Frank-Bbqboy.jpg","datePublished":"2012-11-17T20:21:45+00:00","dateModified":"2022-08-23T12:03:05+00:00","breadcrumb":{"@id":"https:\/\/bbqboy.net\/es\/quienes-somos\/#breadcrumb"},"inLanguage":"es","potentialAction":[{"@type":"ReadAction","target":["https:\/\/bbqboy.net\/es\/quienes-somos\/"]}]},{"@type":"ImageObject","inLanguage":"es","@id":"https:\/\/bbqboy.net\/es\/quienes-somos\/#primaryimage","url":"https:\/\/bbqboy.net\/wp-content\/uploads\/2022\/05\/Frank-Bbqboy.jpg","contentUrl":"https:\/\/bbqboy.net\/wp-content\/uploads\/2022\/05\/Frank-Bbqboy.jpg"},{"@type":"BreadcrumbList","@id":"https:\/\/bbqboy.net\/es\/quienes-somos\/#breadcrumb","itemListElement":[{"@type":"ListItem","position":1,"name":"Home","item":"https:\/\/bbqboy.net\/es\/"},{"@type":"ListItem","position":2,"name":"Quienes somos"}]},{"@type":"WebSite","@id":"https:\/\/bbqboy.net\/es\/#website","url":"https:\/\/bbqboy.net\/es\/","name":"The Travels of BBQboy and Spanky","description":"","publisher":{"@id":"https:\/\/bbqboy.net\/es\/#organization"},"potentialAction":[{"@type":"SearchAction","target":{"@type":"EntryPoint","urlTemplate":"https:\/\/bbqboy.net\/es\/?s={search_term_string}"},"query-input":{"@type":"PropertyValueSpecification","valueRequired":true,"valueName":"search_term_string"}}],"inLanguage":"es"},{"@type":"Organization","@id":"https:\/\/bbqboy.net\/es\/#organization","name":"The Travels of BBQboy and Spanky","url":"https:\/\/bbqboy.net\/es\/","logo":{"@type":"ImageObject","inLanguage":"es","@id":"https:\/\/bbqboy.net\/es\/#\/schema\/logo\/image\/","url":"https:\/\/bbqboy.net\/wp-content\/uploads\/2021\/03\/Header-new-theme-jul-30.jpeg","contentUrl":"https:\/\/bbqboy.net\/wp-content\/uploads\/2021\/03\/Header-new-theme-jul-30.jpeg","width":600,"height":199,"caption":"The Travels of BBQboy and Spanky"},"image":{"@id":"https:\/\/bbqboy.net\/es\/#\/schema\/logo\/image\/"},"sameAs":["https:\/\/x.com\/bbqboyandspanky"]}]}},"featured_image_src":null,"featured_image_src_square":null,"acf":[],"_links":{"self":[{"href":"https:\/\/bbqboy.net\/es\/wp-json\/wp\/v2\/pages\/69233","targetHints":{"allow":["GET"]}}],"collection":[{"href":"https:\/\/bbqboy.net\/es\/wp-json\/wp\/v2\/pages"}],"about":[{"href":"https:\/\/bbqboy.net\/es\/wp-json\/wp\/v2\/types\/page"}],"author":[{"embeddable":true,"href":"https:\/\/bbqboy.net\/es\/wp-json\/wp\/v2\/users\/1"}],"replies":[{"embeddable":true,"href":"https:\/\/bbqboy.net\/es\/wp-json\/wp\/v2\/comments?post=69233"}],"version-history":[{"count":25,"href":"https:\/\/bbqboy.net\/es\/wp-json\/wp\/v2\/pages\/69233\/revisions"}],"predecessor-version":[{"id":90642,"href":"https:\/\/bbqboy.net\/es\/wp-json\/wp\/v2\/pages\/69233\/revisions\/90642"}],"wp:attachment":[{"href":"https:\/\/bbqboy.net\/es\/wp-json\/wp\/v2\/media?parent=69233"}],"curies":[{"name":"wp","href":"https:\/\/api.w.org\/{rel}","templated":true}]}}