{"id":70264,"date":"2022-06-14T11:26:46","date_gmt":"2022-06-14T11:26:46","guid":{"rendered":"https:\/\/bbqboy.net\/?page_id=70264"},"modified":"2025-10-20T15:48:42","modified_gmt":"2025-10-20T15:48:42","slug":"kotor-montenegro-y-fortaleza-de-san-juan","status":"publish","type":"page","link":"https:\/\/bbqboy.net\/es\/kotor-montenegro-y-fortaleza-de-san-juan\/","title":{"rendered":"Kotor (Montenegro) y Fortaleza de San Juan"},"content":{"rendered":"<p><img decoding=\"async\" class=\"aligncenter wp-image-70265\" src=\"https:\/\/bbqboy.net\/wp-content\/uploads\/2022\/06\/visitar-el-Castillo-de-San-Juan-en-Kotor-Montenegro-6.jpg\" alt=\"\" width=\"800\" height=\"485\" srcset=\"https:\/\/bbqboy.net\/wp-content\/uploads\/2022\/06\/visitar-el-Castillo-de-San-Juan-en-Kotor-Montenegro-6-300x182.jpg 300w, https:\/\/bbqboy.net\/wp-content\/uploads\/2022\/06\/visitar-el-Castillo-de-San-Juan-en-Kotor-Montenegro-6-570x345.jpg 570w, https:\/\/bbqboy.net\/wp-content\/uploads\/2022\/06\/visitar-el-Castillo-de-San-Juan-en-Kotor-Montenegro-6-610x370.jpg 610w, https:\/\/bbqboy.net\/wp-content\/uploads\/2022\/06\/visitar-el-Castillo-de-San-Juan-en-Kotor-Montenegro-6-768x465.jpg 768w, https:\/\/bbqboy.net\/wp-content\/uploads\/2022\/06\/visitar-el-Castillo-de-San-Juan-en-Kotor-Montenegro-6.jpg 1200w\" sizes=\"(max-width: 800px) 100vw, 800px\" \/><\/p>\n<div>\n<p><span style=\"color: #ffffff;\">Kotor (Montenegro) y Fortaleza de San Juan<\/span><\/p>\n<p><strong>Kotor est\u00e1 en Montenegro, a solo 2 horas de la famosa Dubrovnik (Croacia).<\/strong><\/p>\n<p>Kotor, declarada Patrimonio de la Humanidad por la UNESCO, es una ciudad amurallada que data de la \u00e9poca de los romanos, que la fundaron en el a\u00f1o 168 a. A lo largo de los siglos, fue gobernada por los ilirios, bizantinos, serbios y h\u00fangaros antes de caer bajo el dominio veneciano en 1420. Fue durante este tiempo que se construyeron las fortificaciones que ves hoy alrededor de la ciudad de Kotor.<\/p>\n<p><span style=\"color: #000080;\"><strong><em><a style=\"color: #000080;\" href=\"https:\/\/bbqboy.net\/es\/kotor-montenegro-y-fortaleza-de-san-juan\/\" target=\"_blank\" rel=\"noopener\">English here<\/a><\/em><\/strong><\/span><\/p>\n<p>&nbsp;<iframe title=\"YouTube video player\" src=\"https:\/\/www.youtube.com\/embed\/LnsaZt01Dso\" width=\"800\" height=\"450\" frameborder=\"0\" allowfullscreen=\"allowfullscreen\"><\/iframe><\/p>\n<p>&nbsp;<\/p>\n<hr>\n<div class=\"content_hint\">&nbsp;<\/div>\n<hr>\n<p>Las murallas forman un tri\u00e1ngulo aproximado, la base es la ciudad baja con sus murallas y 3 puertas a lo largo del puerto y el r\u00edo Skurda, los lados ascienden precipitadamente por la monta\u00f1a y el v\u00e9rtice trae la fortaleza de San Juan (tambi\u00e9n llamada Kastel Sveti Ivan) en la cima de la monta\u00f1a de San Juan.<\/p>\n<p>&nbsp;<\/p>\n<p><a href=\"https:\/\/bbqboy.net\/wp-content\/uploads\/2022\/06\/Kotor-Fortress-1.jpg\"><img decoding=\"async\" class=\"aligncenter wp-image-70267\" src=\"https:\/\/bbqboy.net\/wp-content\/uploads\/2022\/06\/Kotor-Fortress-1.jpg\" alt=\"\" width=\"800\" height=\"488\" srcset=\"https:\/\/bbqboy.net\/wp-content\/uploads\/2022\/06\/Kotor-Fortress-1-300x183.jpg 300w, https:\/\/bbqboy.net\/wp-content\/uploads\/2022\/06\/Kotor-Fortress-1-570x347.jpg 570w, https:\/\/bbqboy.net\/wp-content\/uploads\/2022\/06\/Kotor-Fortress-1-610x372.jpg 610w, https:\/\/bbqboy.net\/wp-content\/uploads\/2022\/06\/Kotor-Fortress-1-768x468.jpg 768w, https:\/\/bbqboy.net\/wp-content\/uploads\/2022\/06\/Kotor-Fortress-1-1536x936.jpg 1536w, https:\/\/bbqboy.net\/wp-content\/uploads\/2022\/06\/Kotor-Fortress-1.jpg 1969w\" sizes=\"(max-width: 800px) 100vw, 800px\" \/><\/a><\/p>\n<p>&nbsp;<\/p>\n<h3><em><strong>Estad\u00edsticas sobre las fortificaciones de Kotor<\/strong><\/em><\/h3>\n<p>Los muros tienen un per\u00edmetro de 4,5 metros, con una altura promedio de 15 metros (20 metros en algunos lugares), con un espesor de 2 a 16 metros. Hay 3 puertas principales a la ciudad, todas ubicadas en el casco antiguo. <a href=\"https:\/\/es.wikipedia.org\/wiki\/Fortificaciones_de_Kotor\" target=\"_blank\" rel=\"noopener\">M\u00e1s detalles aqu\u00ed<\/a>.<\/p>\n<p>&nbsp;<\/p>\n<p><img decoding=\"async\" class=\"aligncenter wp-image-70269\" src=\"https:\/\/bbqboy.net\/wp-content\/uploads\/2022\/06\/visitar-el-Castillo-de-San-Juan-en-Kotor-Montenegro-9.jpg\" alt=\"Kotor (Montenegro) y Fortaleza de San Juan\" width=\"800\" height=\"1167\" srcset=\"https:\/\/bbqboy.net\/wp-content\/uploads\/2022\/06\/visitar-el-Castillo-de-San-Juan-en-Kotor-Montenegro-9-206x300.jpg 206w, https:\/\/bbqboy.net\/wp-content\/uploads\/2022\/06\/visitar-el-Castillo-de-San-Juan-en-Kotor-Montenegro-9-391x570.jpg 391w, https:\/\/bbqboy.net\/wp-content\/uploads\/2022\/06\/visitar-el-Castillo-de-San-Juan-en-Kotor-Montenegro-9-610x890.jpg 610w, https:\/\/bbqboy.net\/wp-content\/uploads\/2022\/06\/visitar-el-Castillo-de-San-Juan-en-Kotor-Montenegro-9-768x1120.jpg 768w, https:\/\/bbqboy.net\/wp-content\/uploads\/2022\/06\/visitar-el-Castillo-de-San-Juan-en-Kotor-Montenegro-9-1053x1536.jpg 1053w, https:\/\/bbqboy.net\/wp-content\/uploads\/2022\/06\/visitar-el-Castillo-de-San-Juan-en-Kotor-Montenegro-9.jpg 1200w\" sizes=\"(max-width: 800px) 100vw, 800px\" \/><\/p>\n<p>&nbsp;<\/p>\n<hr>\n<div class=\"content_hint\">&nbsp;<\/div>\n<hr>\n<p>Durante el dominio veneciano, Kotor estuvo bajo ataque regular. Los otomanos tomaron dos veces Kotor (1538 -1571 y 1657 &#8211; 1699). En la d\u00e9cada de 1800, la ciudad intercambi\u00f3 manos entre la Monarqu\u00eda de los Habsburgo, los franceses bajo Napole\u00f3n y los rusos. Finalmente, cay\u00f3 en manos de Austria en 1814. Eso dur\u00f3 hasta el final de la Primera Guerra Mundial en 1918.<\/p>\n<p>&nbsp;<\/p>\n<p>Cuando los austriacos se fueron, la fortaleza de St. John fue abandonada y se deterior\u00f3 hasta el estado en el que se encuentra hoy. Lo m\u00e1s destacado es caminar hasta la fortaleza y disfrutar de una de las bah\u00edas m\u00e1s hermosas del mundo.<\/p>\n<p>&nbsp;<\/p>\n<figure id=\"attachment_70271\" aria-describedby=\"caption-attachment-70271\" style=\"width: 800px\" class=\"wp-caption aligncenter\"><img decoding=\"async\" class=\"wp-image-70271\" src=\"https:\/\/bbqboy.net\/wp-content\/uploads\/2022\/06\/fortifications-of-Kotor-1.jpg\" alt=\"\" width=\"800\" height=\"533\" srcset=\"https:\/\/bbqboy.net\/wp-content\/uploads\/2022\/06\/fortifications-of-Kotor-1-300x200.jpg 300w, https:\/\/bbqboy.net\/wp-content\/uploads\/2022\/06\/fortifications-of-Kotor-1-570x380.jpg 570w, https:\/\/bbqboy.net\/wp-content\/uploads\/2022\/06\/fortifications-of-Kotor-1-600x400.jpg 600w, https:\/\/bbqboy.net\/wp-content\/uploads\/2022\/06\/fortifications-of-Kotor-1-610x407.jpg 610w, https:\/\/bbqboy.net\/wp-content\/uploads\/2022\/06\/fortifications-of-Kotor-1-768x512.jpg 768w, https:\/\/bbqboy.net\/wp-content\/uploads\/2022\/06\/fortifications-of-Kotor-1.jpg 1200w\" sizes=\"(max-width: 800px) 100vw, 800px\" \/><figcaption id=\"caption-attachment-70271\" class=\"wp-caption-text\">Una de las 3 puertas de entrada a la ciudad amurallada de Kotor<\/figcaption><\/figure>\n<p>&nbsp;<\/p>\n<figure id=\"attachment_70273\" aria-describedby=\"caption-attachment-70273\" style=\"width: 800px\" class=\"wp-caption aligncenter\"><img decoding=\"async\" class=\"wp-image-70273\" src=\"https:\/\/bbqboy.net\/wp-content\/uploads\/2022\/06\/visitar-el-Castillo-de-San-Juan-en-Kotor-Montenegro-2.jpg\" alt=\"El camino hasta la Fortaleza de San Juan\" width=\"800\" height=\"585\" srcset=\"https:\/\/bbqboy.net\/wp-content\/uploads\/2022\/06\/visitar-el-Castillo-de-San-Juan-en-Kotor-Montenegro-2-300x219.jpg 300w, https:\/\/bbqboy.net\/wp-content\/uploads\/2022\/06\/visitar-el-Castillo-de-San-Juan-en-Kotor-Montenegro-2-570x417.jpg 570w, https:\/\/bbqboy.net\/wp-content\/uploads\/2022\/06\/visitar-el-Castillo-de-San-Juan-en-Kotor-Montenegro-2-610x446.jpg 610w, https:\/\/bbqboy.net\/wp-content\/uploads\/2022\/06\/visitar-el-Castillo-de-San-Juan-en-Kotor-Montenegro-2-768x561.jpg 768w, https:\/\/bbqboy.net\/wp-content\/uploads\/2022\/06\/visitar-el-Castillo-de-San-Juan-en-Kotor-Montenegro-2.jpg 1200w\" sizes=\"(max-width: 800px) 100vw, 800px\" \/><figcaption id=\"caption-attachment-70273\" class=\"wp-caption-text\">El camino hasta la Fortaleza de San Juan<\/figcaption><\/figure>\n<p>&nbsp;<\/p>\n<hr>\n<div class=\"content_hint\">&nbsp;<\/div>\n<hr>\n<p><img decoding=\"async\" class=\"aligncenter wp-image-70275\" src=\"https:\/\/bbqboy.net\/wp-content\/uploads\/2022\/06\/visitar-el-Castillo-de-San-Juan-en-Kotor-Montenegro-3.jpg\" alt=\"\" width=\"800\" height=\"437\" srcset=\"https:\/\/bbqboy.net\/wp-content\/uploads\/2022\/06\/visitar-el-Castillo-de-San-Juan-en-Kotor-Montenegro-3-300x164.jpg 300w, https:\/\/bbqboy.net\/wp-content\/uploads\/2022\/06\/visitar-el-Castillo-de-San-Juan-en-Kotor-Montenegro-3-570x311.jpg 570w, https:\/\/bbqboy.net\/wp-content\/uploads\/2022\/06\/visitar-el-Castillo-de-San-Juan-en-Kotor-Montenegro-3-610x333.jpg 610w, https:\/\/bbqboy.net\/wp-content\/uploads\/2022\/06\/visitar-el-Castillo-de-San-Juan-en-Kotor-Montenegro-3-768x419.jpg 768w, https:\/\/bbqboy.net\/wp-content\/uploads\/2022\/06\/visitar-el-Castillo-de-San-Juan-en-Kotor-Montenegro-3.jpg 1200w\" sizes=\"(max-width: 800px) 100vw, 800px\" \/><\/p>\n<p>&nbsp;<\/p>\n<figure id=\"attachment_70277\" aria-describedby=\"caption-attachment-70277\" style=\"width: 800px\" class=\"wp-caption aligncenter\"><img decoding=\"async\" class=\"wp-image-70277\" src=\"https:\/\/bbqboy.net\/wp-content\/uploads\/2022\/06\/visitar-el-Castillo-de-San-Juan-en-Kotor-Montenegro-4.jpg\" alt=\"\" width=\"800\" height=\"457\" srcset=\"https:\/\/bbqboy.net\/wp-content\/uploads\/2022\/06\/visitar-el-Castillo-de-San-Juan-en-Kotor-Montenegro-4-300x171.jpg 300w, https:\/\/bbqboy.net\/wp-content\/uploads\/2022\/06\/visitar-el-Castillo-de-San-Juan-en-Kotor-Montenegro-4-570x325.jpg 570w, https:\/\/bbqboy.net\/wp-content\/uploads\/2022\/06\/visitar-el-Castillo-de-San-Juan-en-Kotor-Montenegro-4-610x348.jpg 610w, https:\/\/bbqboy.net\/wp-content\/uploads\/2022\/06\/visitar-el-Castillo-de-San-Juan-en-Kotor-Montenegro-4-768x438.jpg 768w, https:\/\/bbqboy.net\/wp-content\/uploads\/2022\/06\/visitar-el-Castillo-de-San-Juan-en-Kotor-Montenegro-4.jpg 1200w\" sizes=\"(max-width: 800px) 100vw, 800px\" \/><figcaption id=\"caption-attachment-70277\" class=\"wp-caption-text\">Dentro de las ruinas de la fortaleza<\/figcaption><\/figure>\n<p>&nbsp;<\/p>\n<p><img decoding=\"async\" class=\"aligncenter wp-image-70279\" src=\"https:\/\/bbqboy.net\/wp-content\/uploads\/2022\/06\/visitar-el-Castillo-de-San-Juan-en-Kotor-Montenegro-5.jpg\" alt=\"visitar el Castillo de San Juan en Kotor Montenegro\" width=\"800\" height=\"470\" srcset=\"https:\/\/bbqboy.net\/wp-content\/uploads\/2022\/06\/visitar-el-Castillo-de-San-Juan-en-Kotor-Montenegro-5-300x176.jpg 300w, https:\/\/bbqboy.net\/wp-content\/uploads\/2022\/06\/visitar-el-Castillo-de-San-Juan-en-Kotor-Montenegro-5-570x335.jpg 570w, https:\/\/bbqboy.net\/wp-content\/uploads\/2022\/06\/visitar-el-Castillo-de-San-Juan-en-Kotor-Montenegro-5-610x358.jpg 610w, https:\/\/bbqboy.net\/wp-content\/uploads\/2022\/06\/visitar-el-Castillo-de-San-Juan-en-Kotor-Montenegro-5-768x451.jpg 768w, https:\/\/bbqboy.net\/wp-content\/uploads\/2022\/06\/visitar-el-Castillo-de-San-Juan-en-Kotor-Montenegro-5.jpg 1200w\" sizes=\"(max-width: 800px) 100vw, 800px\" \/><\/p>\n<p>&nbsp;<\/p>\n<p><img decoding=\"async\" class=\"aligncenter wp-image-70281\" src=\"https:\/\/bbqboy.net\/wp-content\/uploads\/2022\/06\/visitar-el-Castillo-de-San-Juan-en-Kotor-Montenegro-7.jpg\" alt=\"\" width=\"800\" height=\"609\" srcset=\"https:\/\/bbqboy.net\/wp-content\/uploads\/2022\/06\/visitar-el-Castillo-de-San-Juan-en-Kotor-Montenegro-7-300x229.jpg 300w, https:\/\/bbqboy.net\/wp-content\/uploads\/2022\/06\/visitar-el-Castillo-de-San-Juan-en-Kotor-Montenegro-7-570x434.jpg 570w, https:\/\/bbqboy.net\/wp-content\/uploads\/2022\/06\/visitar-el-Castillo-de-San-Juan-en-Kotor-Montenegro-7-610x465.jpg 610w, https:\/\/bbqboy.net\/wp-content\/uploads\/2022\/06\/visitar-el-Castillo-de-San-Juan-en-Kotor-Montenegro-7-768x585.jpg 768w, https:\/\/bbqboy.net\/wp-content\/uploads\/2022\/06\/visitar-el-Castillo-de-San-Juan-en-Kotor-Montenegro-7.jpg 1200w\" sizes=\"(max-width: 800px) 100vw, 800px\" \/><\/p>\n<p>&nbsp;<\/p>\n<hr>\n<div class=\"content_hint\">&nbsp;<\/div>\n<hr>\n<figure id=\"attachment_70283\" aria-describedby=\"caption-attachment-70283\" style=\"width: 800px\" class=\"wp-caption aligncenter\"><img decoding=\"async\" class=\"wp-image-70283\" src=\"https:\/\/bbqboy.net\/wp-content\/uploads\/2022\/06\/visitar-el-Castillo-de-San-Juan-en-Kotor-Montenegro-8.jpg\" alt=\"\" width=\"800\" height=\"477\" srcset=\"https:\/\/bbqboy.net\/wp-content\/uploads\/2022\/06\/visitar-el-Castillo-de-San-Juan-en-Kotor-Montenegro-8-300x179.jpg 300w, https:\/\/bbqboy.net\/wp-content\/uploads\/2022\/06\/visitar-el-Castillo-de-San-Juan-en-Kotor-Montenegro-8-570x340.jpg 570w, https:\/\/bbqboy.net\/wp-content\/uploads\/2022\/06\/visitar-el-Castillo-de-San-Juan-en-Kotor-Montenegro-8-610x363.jpg 610w, https:\/\/bbqboy.net\/wp-content\/uploads\/2022\/06\/visitar-el-Castillo-de-San-Juan-en-Kotor-Montenegro-8-768x458.jpg 768w, https:\/\/bbqboy.net\/wp-content\/uploads\/2022\/06\/visitar-el-Castillo-de-San-Juan-en-Kotor-Montenegro-8.jpg 1200w\" sizes=\"(max-width: 800px) 100vw, 800px\" \/><figcaption id=\"caption-attachment-70283\" class=\"wp-caption-text\">Vistas de la fortaleza desde el casco antiguo de Kotor<\/figcaption><\/figure>\n<p>&nbsp;<\/p>\n<p><img decoding=\"async\" class=\"aligncenter wp-image-70256\" src=\"https:\/\/bbqboy.net\/wp-content\/uploads\/2022\/06\/Gate-to-Kotor.jpg\" alt=\"\" width=\"800\" height=\"533\" srcset=\"https:\/\/bbqboy.net\/wp-content\/uploads\/2022\/06\/Gate-to-Kotor-300x200.jpg 300w, https:\/\/bbqboy.net\/wp-content\/uploads\/2022\/06\/Gate-to-Kotor-570x380.jpg 570w, https:\/\/bbqboy.net\/wp-content\/uploads\/2022\/06\/Gate-to-Kotor-600x400.jpg 600w, https:\/\/bbqboy.net\/wp-content\/uploads\/2022\/06\/Gate-to-Kotor-610x407.jpg 610w, https:\/\/bbqboy.net\/wp-content\/uploads\/2022\/06\/Gate-to-Kotor-768x512.jpg 768w, https:\/\/bbqboy.net\/wp-content\/uploads\/2022\/06\/Gate-to-Kotor.jpg 1200w\" sizes=\"(max-width: 800px) 100vw, 800px\" \/><\/p>\n<p>&nbsp;<br \/>\n<a href=\"https:\/\/www.facebook.com\/groups\/httpsbbqboy.net\" target=\"_blank\" rel=\"noopener\"><img decoding=\"async\" class=\"aligncenter wp-image-96677 size-full\" src=\"https:\/\/bbqboy.net\/wp-content\/uploads\/2024\/12\/FB-base4a.jpg\" alt=\"\" width=\"800\" height=\"429\"><\/a><br \/>\n&nbsp;<\/p>\n<\/div>\n<div class='ctx-module-container ctx_default_placement ctx-clearfix'><\/div><span class=\"ctx-article-root\"><!-- --><\/span>","protected":false},"excerpt":{"rendered":"<p>Kotor (Montenegro) y Fortaleza de San Juan Kotor est\u00e1 en Montenegro, a solo 2 horas de la famosa Dubrovnik (Croacia). Kotor, declarada Patrimonio de la Humanidad por la UNESCO, es una ciudad amurallada que data de la \u00e9poca de los romanos, que la fundaron en el a\u00f1o 168 a. A lo largo de los siglos, &hellip;<\/p>\n","protected":false},"author":1,"featured_media":70285,"parent":0,"menu_order":0,"comment_status":"open","ping_status":"closed","template":"","meta":{"_acf_changed":false,"_genesis_hide_title":false,"_genesis_hide_breadcrumbs":false,"_genesis_hide_singular_image":false,"_genesis_hide_footer_widgets":false,"_genesis_custom_body_class":"","_genesis_custom_post_class":"","_genesis_layout":"content-sidebar","footnotes":""},"class_list":{"1":"page","2":"type-page","6":"entry"},"yoast_head":"<!-- This site is optimized with the Yoast SEO plugin v27.4 - https:\/\/yoast.com\/product\/yoast-seo-wordpress\/ -->\n<title>Kotor (Montenegro) y Fortaleza de San Juan<\/title>\n<meta name=\"description\" content=\"Kotor (Montenegro) y Fortaleza de San Juan. Kotor, declarada Patrimonio de la Humanidad por la UNESCO, es una ciudad amurallada que data...\" \/>\n<meta name=\"robots\" content=\"index, follow, max-snippet:-1, max-image-preview:large, max-video-preview:-1\" \/>\n<link rel=\"canonical\" href=\"https:\/\/bbqboy.net\/es\/kotor-montenegro-y-fortaleza-de-san-juan\/\" \/>\n<meta property=\"og:locale\" content=\"es_ES\" \/>\n<meta property=\"og:type\" content=\"article\" \/>\n<meta property=\"og:title\" content=\"Kotor (Montenegro) y Fortaleza de San Juan\" \/>\n<meta property=\"og:description\" content=\"Kotor (Montenegro) y Fortaleza de San Juan. Kotor, declarada Patrimonio de la Humanidad por la UNESCO, es una ciudad amurallada que data...\" \/>\n<meta property=\"og:url\" content=\"https:\/\/bbqboy.net\/es\/kotor-montenegro-y-fortaleza-de-san-juan\/\" \/>\n<meta property=\"og:site_name\" content=\"The Travels of BBQboy and Spanky\" \/>\n<meta property=\"article:modified_time\" content=\"2025-10-20T15:48:42+00:00\" \/>\n<meta property=\"og:image\" content=\"https:\/\/bbqboy.net\/wp-content\/uploads\/2022\/06\/Gate-to-Kotor-1.jpg\" \/>\n\t<meta property=\"og:image:width\" content=\"1200\" \/>\n\t<meta property=\"og:image:height\" content=\"800\" \/>\n\t<meta property=\"og:image:type\" content=\"image\/jpeg\" \/>\n<meta name=\"twitter:card\" content=\"summary_large_image\" \/>\n<meta name=\"twitter:site\" content=\"@bbqboyandspanky\" \/>\n<meta name=\"twitter:label1\" content=\"Tiempo de lectura\" \/>\n\t<meta name=\"twitter:data1\" content=\"5 minutos\" \/>\n<script type=\"application\/ld+json\" class=\"yoast-schema-graph\">{\"@context\":\"https:\\\/\\\/schema.org\",\"@graph\":[{\"@type\":\"WebPage\",\"@id\":\"https:\\\/\\\/bbqboy.net\\\/es\\\/kotor-montenegro-y-fortaleza-de-san-juan\\\/\",\"url\":\"https:\\\/\\\/bbqboy.net\\\/es\\\/kotor-montenegro-y-fortaleza-de-san-juan\\\/\",\"name\":\"Kotor (Montenegro) y Fortaleza de San Juan\",\"isPartOf\":{\"@id\":\"https:\\\/\\\/bbqboy.net\\\/es\\\/#website\"},\"primaryImageOfPage\":{\"@id\":\"https:\\\/\\\/bbqboy.net\\\/es\\\/kotor-montenegro-y-fortaleza-de-san-juan\\\/#primaryimage\"},\"image\":{\"@id\":\"https:\\\/\\\/bbqboy.net\\\/es\\\/kotor-montenegro-y-fortaleza-de-san-juan\\\/#primaryimage\"},\"thumbnailUrl\":\"https:\\\/\\\/bbqboy.net\\\/wp-content\\\/uploads\\\/2022\\\/06\\\/Gate-to-Kotor-1.jpg\",\"datePublished\":\"2022-06-14T11:26:46+00:00\",\"dateModified\":\"2025-10-20T15:48:42+00:00\",\"description\":\"Kotor (Montenegro) y Fortaleza de San Juan. Kotor, declarada Patrimonio de la Humanidad por la UNESCO, es una ciudad amurallada que data...\",\"breadcrumb\":{\"@id\":\"https:\\\/\\\/bbqboy.net\\\/es\\\/kotor-montenegro-y-fortaleza-de-san-juan\\\/#breadcrumb\"},\"inLanguage\":\"es\",\"potentialAction\":[{\"@type\":\"ReadAction\",\"target\":[\"https:\\\/\\\/bbqboy.net\\\/es\\\/kotor-montenegro-y-fortaleza-de-san-juan\\\/\"]}]},{\"@type\":\"ImageObject\",\"inLanguage\":\"es\",\"@id\":\"https:\\\/\\\/bbqboy.net\\\/es\\\/kotor-montenegro-y-fortaleza-de-san-juan\\\/#primaryimage\",\"url\":\"https:\\\/\\\/bbqboy.net\\\/wp-content\\\/uploads\\\/2022\\\/06\\\/Gate-to-Kotor-1.jpg\",\"contentUrl\":\"https:\\\/\\\/bbqboy.net\\\/wp-content\\\/uploads\\\/2022\\\/06\\\/Gate-to-Kotor-1.jpg\",\"width\":1200,\"height\":800},{\"@type\":\"BreadcrumbList\",\"@id\":\"https:\\\/\\\/bbqboy.net\\\/es\\\/kotor-montenegro-y-fortaleza-de-san-juan\\\/#breadcrumb\",\"itemListElement\":[{\"@type\":\"ListItem\",\"position\":1,\"name\":\"Home\",\"item\":\"https:\\\/\\\/bbqboy.net\\\/es\\\/\"},{\"@type\":\"ListItem\",\"position\":2,\"name\":\"Kotor (Montenegro) y Fortaleza de San Juan\"}]},{\"@type\":\"WebSite\",\"@id\":\"https:\\\/\\\/bbqboy.net\\\/es\\\/#website\",\"url\":\"https:\\\/\\\/bbqboy.net\\\/es\\\/\",\"name\":\"The Travels of BBQboy and Spanky\",\"description\":\"\",\"publisher\":{\"@id\":\"https:\\\/\\\/bbqboy.net\\\/es\\\/#organization\"},\"potentialAction\":[{\"@type\":\"SearchAction\",\"target\":{\"@type\":\"EntryPoint\",\"urlTemplate\":\"https:\\\/\\\/bbqboy.net\\\/es\\\/?s={search_term_string}\"},\"query-input\":{\"@type\":\"PropertyValueSpecification\",\"valueRequired\":true,\"valueName\":\"search_term_string\"}}],\"inLanguage\":\"es\"},{\"@type\":\"Organization\",\"@id\":\"https:\\\/\\\/bbqboy.net\\\/es\\\/#organization\",\"name\":\"The Travels of BBQboy and Spanky\",\"url\":\"https:\\\/\\\/bbqboy.net\\\/es\\\/\",\"logo\":{\"@type\":\"ImageObject\",\"inLanguage\":\"es\",\"@id\":\"https:\\\/\\\/bbqboy.net\\\/es\\\/#\\\/schema\\\/logo\\\/image\\\/\",\"url\":\"https:\\\/\\\/bbqboy.net\\\/wp-content\\\/uploads\\\/2021\\\/03\\\/Header-new-theme-jul-30.jpeg\",\"contentUrl\":\"https:\\\/\\\/bbqboy.net\\\/wp-content\\\/uploads\\\/2021\\\/03\\\/Header-new-theme-jul-30.jpeg\",\"width\":600,\"height\":199,\"caption\":\"The Travels of BBQboy and Spanky\"},\"image\":{\"@id\":\"https:\\\/\\\/bbqboy.net\\\/es\\\/#\\\/schema\\\/logo\\\/image\\\/\"},\"sameAs\":[\"https:\\\/\\\/x.com\\\/bbqboyandspanky\"]}]}<\/script>\n<!-- \/ Yoast SEO plugin. -->","yoast_head_json":{"title":"Kotor (Montenegro) y Fortaleza de San Juan","description":"Kotor (Montenegro) y Fortaleza de San Juan. Kotor, declarada Patrimonio de la Humanidad por la UNESCO, es una ciudad amurallada que data...","robots":{"index":"index","follow":"follow","max-snippet":"max-snippet:-1","max-image-preview":"max-image-preview:large","max-video-preview":"max-video-preview:-1"},"canonical":"https:\/\/bbqboy.net\/es\/kotor-montenegro-y-fortaleza-de-san-juan\/","og_locale":"es_ES","og_type":"article","og_title":"Kotor (Montenegro) y Fortaleza de San Juan","og_description":"Kotor (Montenegro) y Fortaleza de San Juan. Kotor, declarada Patrimonio de la Humanidad por la UNESCO, es una ciudad amurallada que data...","og_url":"https:\/\/bbqboy.net\/es\/kotor-montenegro-y-fortaleza-de-san-juan\/","og_site_name":"The Travels of BBQboy and Spanky","article_modified_time":"2025-10-20T15:48:42+00:00","og_image":[{"width":1200,"height":800,"url":"https:\/\/bbqboy.net\/wp-content\/uploads\/2022\/06\/Gate-to-Kotor-1.jpg","type":"image\/jpeg"}],"twitter_card":"summary_large_image","twitter_site":"@bbqboyandspanky","twitter_misc":{"Tiempo de lectura":"5 minutos"},"schema":{"@context":"https:\/\/schema.org","@graph":[{"@type":"WebPage","@id":"https:\/\/bbqboy.net\/es\/kotor-montenegro-y-fortaleza-de-san-juan\/","url":"https:\/\/bbqboy.net\/es\/kotor-montenegro-y-fortaleza-de-san-juan\/","name":"Kotor (Montenegro) y Fortaleza de San Juan","isPartOf":{"@id":"https:\/\/bbqboy.net\/es\/#website"},"primaryImageOfPage":{"@id":"https:\/\/bbqboy.net\/es\/kotor-montenegro-y-fortaleza-de-san-juan\/#primaryimage"},"image":{"@id":"https:\/\/bbqboy.net\/es\/kotor-montenegro-y-fortaleza-de-san-juan\/#primaryimage"},"thumbnailUrl":"https:\/\/bbqboy.net\/wp-content\/uploads\/2022\/06\/Gate-to-Kotor-1.jpg","datePublished":"2022-06-14T11:26:46+00:00","dateModified":"2025-10-20T15:48:42+00:00","description":"Kotor (Montenegro) y Fortaleza de San Juan. Kotor, declarada Patrimonio de la Humanidad por la UNESCO, es una ciudad amurallada que data...","breadcrumb":{"@id":"https:\/\/bbqboy.net\/es\/kotor-montenegro-y-fortaleza-de-san-juan\/#breadcrumb"},"inLanguage":"es","potentialAction":[{"@type":"ReadAction","target":["https:\/\/bbqboy.net\/es\/kotor-montenegro-y-fortaleza-de-san-juan\/"]}]},{"@type":"ImageObject","inLanguage":"es","@id":"https:\/\/bbqboy.net\/es\/kotor-montenegro-y-fortaleza-de-san-juan\/#primaryimage","url":"https:\/\/bbqboy.net\/wp-content\/uploads\/2022\/06\/Gate-to-Kotor-1.jpg","contentUrl":"https:\/\/bbqboy.net\/wp-content\/uploads\/2022\/06\/Gate-to-Kotor-1.jpg","width":1200,"height":800},{"@type":"BreadcrumbList","@id":"https:\/\/bbqboy.net\/es\/kotor-montenegro-y-fortaleza-de-san-juan\/#breadcrumb","itemListElement":[{"@type":"ListItem","position":1,"name":"Home","item":"https:\/\/bbqboy.net\/es\/"},{"@type":"ListItem","position":2,"name":"Kotor (Montenegro) y Fortaleza de San Juan"}]},{"@type":"WebSite","@id":"https:\/\/bbqboy.net\/es\/#website","url":"https:\/\/bbqboy.net\/es\/","name":"The Travels of BBQboy and Spanky","description":"","publisher":{"@id":"https:\/\/bbqboy.net\/es\/#organization"},"potentialAction":[{"@type":"SearchAction","target":{"@type":"EntryPoint","urlTemplate":"https:\/\/bbqboy.net\/es\/?s={search_term_string}"},"query-input":{"@type":"PropertyValueSpecification","valueRequired":true,"valueName":"search_term_string"}}],"inLanguage":"es"},{"@type":"Organization","@id":"https:\/\/bbqboy.net\/es\/#organization","name":"The Travels of BBQboy and Spanky","url":"https:\/\/bbqboy.net\/es\/","logo":{"@type":"ImageObject","inLanguage":"es","@id":"https:\/\/bbqboy.net\/es\/#\/schema\/logo\/image\/","url":"https:\/\/bbqboy.net\/wp-content\/uploads\/2021\/03\/Header-new-theme-jul-30.jpeg","contentUrl":"https:\/\/bbqboy.net\/wp-content\/uploads\/2021\/03\/Header-new-theme-jul-30.jpeg","width":600,"height":199,"caption":"The Travels of BBQboy and Spanky"},"image":{"@id":"https:\/\/bbqboy.net\/es\/#\/schema\/logo\/image\/"},"sameAs":["https:\/\/x.com\/bbqboyandspanky"]}]}},"featured_image_src":"https:\/\/bbqboy.net\/wp-content\/uploads\/2022\/06\/Gate-to-Kotor-1-600x400.jpg","featured_image_src_square":"https:\/\/bbqboy.net\/wp-content\/uploads\/2022\/06\/Gate-to-Kotor-1-600x600.jpg","acf":[],"_links":{"self":[{"href":"https:\/\/bbqboy.net\/es\/wp-json\/wp\/v2\/pages\/70264","targetHints":{"allow":["GET"]}}],"collection":[{"href":"https:\/\/bbqboy.net\/es\/wp-json\/wp\/v2\/pages"}],"about":[{"href":"https:\/\/bbqboy.net\/es\/wp-json\/wp\/v2\/types\/page"}],"author":[{"embeddable":true,"href":"https:\/\/bbqboy.net\/es\/wp-json\/wp\/v2\/users\/1"}],"replies":[{"embeddable":true,"href":"https:\/\/bbqboy.net\/es\/wp-json\/wp\/v2\/comments?post=70264"}],"version-history":[{"count":7,"href":"https:\/\/bbqboy.net\/es\/wp-json\/wp\/v2\/pages\/70264\/revisions"}],"predecessor-version":[{"id":116771,"href":"https:\/\/bbqboy.net\/es\/wp-json\/wp\/v2\/pages\/70264\/revisions\/116771"}],"wp:featuredmedia":[{"embeddable":true,"href":"https:\/\/bbqboy.net\/es\/wp-json\/wp\/v2\/media\/70285"}],"wp:attachment":[{"href":"https:\/\/bbqboy.net\/es\/wp-json\/wp\/v2\/media?parent=70264"}],"curies":[{"name":"wp","href":"https:\/\/api.w.org\/{rel}","templated":true}]}}