{"id":70536,"date":"2022-06-22T12:04:52","date_gmt":"2022-06-22T12:04:52","guid":{"rendered":"https:\/\/bbqboy.net\/?page_id=70536"},"modified":"2023-12-07T01:25:40","modified_gmt":"2023-12-07T01:25:40","slug":"la-alcazaba-de-malaga","status":"publish","type":"page","link":"https:\/\/bbqboy.net\/es\/la-alcazaba-de-malaga\/","title":{"rendered":"La Alcazaba de M\u00e1laga"},"content":{"rendered":"<p><strong><img decoding=\"async\" class=\"aligncenter wp-image-70537\" src=\"https:\/\/bbqboy.net\/wp-content\/uploads\/2022\/06\/La-Alcazaba-de-Malaga-3.jpg\" alt=\"La Alcazaba de M\u00e1laga\" width=\"800\" height=\"600\" srcset=\"https:\/\/bbqboy.net\/wp-content\/uploads\/2022\/06\/La-Alcazaba-de-Malaga-3-300x225.jpg 300w, https:\/\/bbqboy.net\/wp-content\/uploads\/2022\/06\/La-Alcazaba-de-Malaga-3-400x300.jpg 400w, https:\/\/bbqboy.net\/wp-content\/uploads\/2022\/06\/La-Alcazaba-de-Malaga-3-570x428.jpg 570w, https:\/\/bbqboy.net\/wp-content\/uploads\/2022\/06\/La-Alcazaba-de-Malaga-3-610x458.jpg 610w, https:\/\/bbqboy.net\/wp-content\/uploads\/2022\/06\/La-Alcazaba-de-Malaga-3-768x576.jpg 768w, https:\/\/bbqboy.net\/wp-content\/uploads\/2022\/06\/La-Alcazaba-de-Malaga-3-800x600.jpg 800w, https:\/\/bbqboy.net\/wp-content\/uploads\/2022\/06\/La-Alcazaba-de-Malaga-3.jpg 1000w\" sizes=\"(max-width: 800px) 100vw, 800px\" \/><\/strong><\/p>\n<p>&nbsp;<\/p>\n<p><strong>Construida entre 1057 y 1063 por los moros, la Alcazaba de M\u00e1laga fue, en su apogeo, comparable a la Alhambra de Granada en cuanto a su esplendor y lo imponente de sus fortificaciones.<\/strong><\/p>\n<p>La Alcazaba se encuentra al pie del monte Gibralfaro y domina la ciudad de M\u00e1laga. Una ciudadela enorme, se extendi\u00f3 por 15.000 metros cuadrados. Sus fortificaciones, que inclu\u00edan muros dobles y 110 torres, proteg\u00edan el puerto y la ciudad de los ataques.<\/p>\n<p><span style=\"color: #000080;\"><strong><a style=\"color: #000080;\" href=\"https:\/\/bbqboy.net\/the-alcazaba-of-malaga\/\" target=\"_blank\" rel=\"noopener\">In English<\/a><\/strong><\/span><\/p>\n<p>&nbsp;<\/p>\n<p>&nbsp;<iframe title=\"YouTube video player\" src=\"https:\/\/www.youtube.com\/embed\/OQmJc278D8Y\" width=\"800\" height=\"450\" frameborder=\"0\" allowfullscreen=\"allowfullscreen\"><span data-mce-type=\"bookmark\" style=\"display: inline-block; width: 0px; overflow: hidden; line-height: 0;\" class=\"mce_SELRES_start\">\ufeff<\/span><\/iframe><\/p>\n<p>&nbsp;<\/p>\n<hr>\n<div class=\"content_hint\">&nbsp;<\/div>\n<hr>\n<p>&nbsp;<\/p>\n<p>En el siglo XIII se a\u00f1adi\u00f3 una segunda fortaleza. Con el aumento del uso de la p\u00f3lvora en Europa, los musulmanes sab\u00edan que si los cristianos conquistaban la monta\u00f1a, podr\u00edan usar ca\u00f1ones para disparar contra la Alcazaba. As\u00ed que el Castillo de Gibralfaro se construy\u00f3 en la cima del Monte Gibralfaro para proteger la Alcazaba y la ciudad (m\u00e1s sobre el Castillo de Gibralfaro aqu\u00ed). Los dos castillos estaban conectados por una &#8216;coracha&#8217;, un corredor amurallado que permit\u00eda a los soldados pasar de un castillo a otro.<\/p>\n<p>Adem\u00e1s de la grandeza de sus fortificaciones, la Alcazaba tambi\u00e9n fue un palacio. Dentro de sus muros hab\u00eda jardines, estanques, salones suntuosos, un pozo profundo y una mezquita.<\/p>\n<p>&nbsp;<\/p>\n<p><img decoding=\"async\" class=\"aligncenter wp-image-70540\" src=\"https:\/\/bbqboy.net\/wp-content\/uploads\/2022\/06\/La-Alcazaba-de-Malaga-4.jpg\" alt=\"La Alcazaba de M\u00e1laga\" width=\"800\" height=\"578\" srcset=\"https:\/\/bbqboy.net\/wp-content\/uploads\/2022\/06\/La-Alcazaba-de-Malaga-4-300x217.jpg 300w, https:\/\/bbqboy.net\/wp-content\/uploads\/2022\/06\/La-Alcazaba-de-Malaga-4-570x412.jpg 570w, https:\/\/bbqboy.net\/wp-content\/uploads\/2022\/06\/La-Alcazaba-de-Malaga-4-610x441.jpg 610w, https:\/\/bbqboy.net\/wp-content\/uploads\/2022\/06\/La-Alcazaba-de-Malaga-4-768x555.jpg 768w, https:\/\/bbqboy.net\/wp-content\/uploads\/2022\/06\/La-Alcazaba-de-Malaga-4.jpg 1000w\" sizes=\"(max-width: 800px) 100vw, 800px\" \/><\/p>\n<p><img decoding=\"async\" class=\"aligncenter wp-image-70542\" src=\"https:\/\/bbqboy.net\/wp-content\/uploads\/2022\/06\/La-Alcazaba-de-Malaga-2.jpeg\" alt=\"\" width=\"800\" height=\"600\" srcset=\"https:\/\/bbqboy.net\/wp-content\/uploads\/2022\/06\/La-Alcazaba-de-Malaga-2-300x225.jpeg 300w, https:\/\/bbqboy.net\/wp-content\/uploads\/2022\/06\/La-Alcazaba-de-Malaga-2-400x300.jpeg 400w, https:\/\/bbqboy.net\/wp-content\/uploads\/2022\/06\/La-Alcazaba-de-Malaga-2-570x428.jpeg 570w, https:\/\/bbqboy.net\/wp-content\/uploads\/2022\/06\/La-Alcazaba-de-Malaga-2-610x458.jpeg 610w, https:\/\/bbqboy.net\/wp-content\/uploads\/2022\/06\/La-Alcazaba-de-Malaga-2-768x576.jpeg 768w, https:\/\/bbqboy.net\/wp-content\/uploads\/2022\/06\/La-Alcazaba-de-Malaga-2-800x600.jpeg 800w, https:\/\/bbqboy.net\/wp-content\/uploads\/2022\/06\/La-Alcazaba-de-Malaga-2.jpeg 1000w\" sizes=\"(max-width: 800px) 100vw, 800px\" \/><\/p>\n<p><img decoding=\"async\" class=\"aligncenter wp-image-70544\" src=\"https:\/\/bbqboy.net\/wp-content\/uploads\/2022\/06\/La-Alcazaba-de-Malaga-4.jpeg\" alt=\"La Alcazaba de M\u00e1laga\" width=\"800\" height=\"586\" srcset=\"https:\/\/bbqboy.net\/wp-content\/uploads\/2022\/06\/La-Alcazaba-de-Malaga-4-300x220.jpeg 300w, https:\/\/bbqboy.net\/wp-content\/uploads\/2022\/06\/La-Alcazaba-de-Malaga-4-570x418.jpeg 570w, https:\/\/bbqboy.net\/wp-content\/uploads\/2022\/06\/La-Alcazaba-de-Malaga-4-610x447.jpeg 610w, https:\/\/bbqboy.net\/wp-content\/uploads\/2022\/06\/La-Alcazaba-de-Malaga-4-768x563.jpeg 768w, https:\/\/bbqboy.net\/wp-content\/uploads\/2022\/06\/La-Alcazaba-de-Malaga-4.jpeg 1000w\" sizes=\"(max-width: 800px) 100vw, 800px\" \/><\/p>\n<p>&nbsp;<\/p>\n<hr>\n<div class=\"content_hint\">&nbsp;<\/div>\n<hr>\n<p>&nbsp;<\/p>\n<p>La Alcazaba fue puesta a prueba en 1487 cuando los Reyes Cat\u00f3licos intentaron tomar M\u00e1laga. Durante cuatro meses resisti\u00f3 el ej\u00e9rcito musulm\u00e1n, formado por 15.000 hombres (frente a 80.000 cristianos). Finalmente, habiendo quedado sin provisiones, se rindieron.<\/p>\n<p>La Fortaleza fue utilizada por los cat\u00f3licos despu\u00e9s de la toma y se mantuvo en buenas condiciones hasta el siglo XVII. En ese momento dos hechos contribuyeron a su deterioro: un fuerte terremoto en 1680 y los da\u00f1os causados \u200b\u200bpor un ataque de barcos franceses en 1693 (durante la Guerra de los Nueve A\u00f1os). Despu\u00e9s de eso, la fortaleza se us\u00f3 para varios prop\u00f3sitos, incluso como prisi\u00f3n y hospital.<\/p>\n<p>En la d\u00e9cada de 1930 se iniciaron las obras de rehabilitaci\u00f3n y el conjunto fue declarado Patrimonio Hist\u00f3rico de Espa\u00f1a (actualmente Bien de Inter\u00e9s Cultural). La Alcazaba es hoy una de las obras musulmanas m\u00e1s importantes que se conservan en Espa\u00f1a.<\/p>\n<p>&nbsp;<\/p>\n<h3><strong>Visitar la Alcazaba hoy<\/strong><\/h3>\n<p>Desafortunadamente gran parte de la Alcazaba no es accesible para el visitante. Muchas partes, como la mezquita, est\u00e1n en ruinas. Muchas partes que sobrevivieron no se han conservado. Lo mejor es caminar alrededor de las murallas, disfrutar de las vistas de M\u00e1laga y admirar las impresionantes fortificaciones.<\/p>\n<p>&nbsp;<\/p>\n<p><strong><span style=\"color: #000080;\"><a style=\"color: #000080;\" href=\"https:\/\/www.alcazabamalaga.com\/es\/precio-y-entradas-alcazaba\/\" target=\"_blank\" rel=\"noopener\">Web oficial de la Alcazaba de M\u00e1laga<\/a><\/span><\/strong><\/p>\n<p>Precios (2022): 3,50 Euros para ver la Alcazaba solo<\/p>\n<p>&nbsp; &nbsp; &nbsp; &nbsp; &nbsp; &nbsp; &nbsp; &nbsp; &nbsp; &nbsp; &nbsp; &nbsp; &nbsp; 5,50 Euros a la Alcazaba y al Castillo de Gibralfaro<\/p>\n<p>&nbsp;<\/p>\n<h3><strong><em>M\u00e1s: <span style=\"color: #800080;\"><a style=\"color: #800080;\" href=\"https:\/\/bbqboy.net\/es\/la-sagrada-familia-la-amas-o-la-odias\/\" target=\"_blank\" rel=\"noopener\">La Sagrada Familia: \u00bfla amas o la odias?<\/a><\/span><\/em><\/strong><\/h3>\n<p><a href=\"https:\/\/bbqboy.net\/es\/la-sagrada-familia-la-amas-o-la-odias\/\" target=\"_blank\" rel=\"noopener\"><img decoding=\"async\" class=\"aligncenter wp-image-100763\" src=\"https:\/\/bbqboy.net\/wp-content\/uploads\/2023\/12\/Sagrada-Familia-ESP.jpg\" alt=\"\" width=\"800\" height=\"533\" srcset=\"https:\/\/bbqboy.net\/wp-content\/uploads\/2023\/12\/Sagrada-Familia-ESP-300x200.jpg 300w, https:\/\/bbqboy.net\/wp-content\/uploads\/2023\/12\/Sagrada-Familia-ESP-570x380.jpg 570w, https:\/\/bbqboy.net\/wp-content\/uploads\/2023\/12\/Sagrada-Familia-ESP-600x400.jpg 600w, https:\/\/bbqboy.net\/wp-content\/uploads\/2023\/12\/Sagrada-Familia-ESP-610x407.jpg 610w, https:\/\/bbqboy.net\/wp-content\/uploads\/2023\/12\/Sagrada-Familia-ESP-768x512.jpg 768w, https:\/\/bbqboy.net\/wp-content\/uploads\/2023\/12\/Sagrada-Familia-ESP.jpg 1200w\" sizes=\"(max-width: 800px) 100vw, 800px\" \/><\/a><\/p>\n<h3><strong><em>M\u00e1s: <\/em><span style=\"color: #800080;\"><a style=\"color: #800080;\" href=\"https:\/\/bbqboy.net\/es\/kotor-montenegro-y-fortaleza-de-san-juan\/\" target=\"_blank\" rel=\"noopener\"><em>Kotor (Montenegro) y la Fortaleza de San Juan<\/em><\/a><\/span><\/strong><\/h3>\n<p><a href=\"https:\/\/bbqboy.net\/es\/kotor-montenegro-y-fortaleza-de-san-juan\/\" target=\"_blank\" rel=\"noopener\"><img decoding=\"async\" class=\"aligncenter wp-image-100766\" src=\"https:\/\/bbqboy.net\/wp-content\/uploads\/2023\/12\/Kotor-ESP.jpg\" alt=\"\" width=\"800\" height=\"485\" srcset=\"https:\/\/bbqboy.net\/wp-content\/uploads\/2023\/12\/Kotor-ESP-300x182.jpg 300w, https:\/\/bbqboy.net\/wp-content\/uploads\/2023\/12\/Kotor-ESP-570x345.jpg 570w, https:\/\/bbqboy.net\/wp-content\/uploads\/2023\/12\/Kotor-ESP-610x370.jpg 610w, https:\/\/bbqboy.net\/wp-content\/uploads\/2023\/12\/Kotor-ESP-768x465.jpg 768w, https:\/\/bbqboy.net\/wp-content\/uploads\/2023\/12\/Kotor-ESP.jpg 1200w\" sizes=\"(max-width: 800px) 100vw, 800px\" \/><\/a><\/p>\n<p>&nbsp;<\/p>\n<div class='ctx-module-container ctx_default_placement ctx-clearfix'><\/div><span class=\"ctx-article-root\"><!-- --><\/span>","protected":false},"excerpt":{"rendered":"<p>&nbsp; Construida entre 1057 y 1063 por los moros, la Alcazaba de M\u00e1laga fue, en su apogeo, comparable a la Alhambra de Granada en cuanto a su esplendor y lo imponente de sus fortificaciones. La Alcazaba se encuentra al pie del monte Gibralfaro y domina la ciudad de M\u00e1laga. Una ciudadela enorme, se extendi\u00f3 por &hellip;<\/p>\n","protected":false},"author":1,"featured_media":70527,"parent":0,"menu_order":0,"comment_status":"open","ping_status":"closed","template":"","meta":{"_acf_changed":false,"_genesis_hide_title":false,"_genesis_hide_breadcrumbs":false,"_genesis_hide_singular_image":false,"_genesis_hide_footer_widgets":false,"_genesis_custom_body_class":"","_genesis_custom_post_class":"","_genesis_layout":"content-sidebar","footnotes":""},"class_list":{"1":"page","2":"type-page","6":"entry"},"yoast_head":"<!-- This site is optimized with the Yoast SEO plugin v27.4 - https:\/\/yoast.com\/product\/yoast-seo-wordpress\/ -->\n<title>La Alcazaba de M\u00e1laga - The Travels of BBQboy and Spanky<\/title>\n<meta name=\"description\" content=\"La Alcazaba de M\u00e1laga.\" \/>\n<meta name=\"robots\" content=\"index, follow, max-snippet:-1, max-image-preview:large, max-video-preview:-1\" \/>\n<link rel=\"canonical\" href=\"https:\/\/bbqboy.net\/es\/la-alcazaba-de-malaga\/\" \/>\n<meta property=\"og:locale\" content=\"es_ES\" \/>\n<meta property=\"og:type\" content=\"article\" \/>\n<meta property=\"og:title\" content=\"La Alcazaba de M\u00e1laga - The Travels of BBQboy and Spanky\" \/>\n<meta property=\"og:description\" content=\"La Alcazaba de M\u00e1laga.\" \/>\n<meta property=\"og:url\" content=\"https:\/\/bbqboy.net\/es\/la-alcazaba-de-malaga\/\" \/>\n<meta property=\"og:site_name\" content=\"The Travels of BBQboy and Spanky\" \/>\n<meta property=\"article:modified_time\" content=\"2023-12-07T01:25:40+00:00\" \/>\n<meta property=\"og:image\" content=\"https:\/\/bbqboy.net\/wp-content\/uploads\/2022\/06\/IMG_7316.jpg\" \/>\n\t<meta property=\"og:image:width\" content=\"1200\" \/>\n\t<meta property=\"og:image:height\" content=\"677\" \/>\n\t<meta property=\"og:image:type\" content=\"image\/jpeg\" \/>\n<meta name=\"twitter:card\" content=\"summary_large_image\" \/>\n<meta name=\"twitter:site\" content=\"@bbqboyandspanky\" \/>\n<meta name=\"twitter:label1\" content=\"Tiempo de lectura\" \/>\n\t<meta name=\"twitter:data1\" content=\"4 minutos\" \/>\n<script type=\"application\/ld+json\" class=\"yoast-schema-graph\">{\"@context\":\"https:\\\/\\\/schema.org\",\"@graph\":[{\"@type\":\"WebPage\",\"@id\":\"https:\\\/\\\/bbqboy.net\\\/es\\\/la-alcazaba-de-malaga\\\/\",\"url\":\"https:\\\/\\\/bbqboy.net\\\/es\\\/la-alcazaba-de-malaga\\\/\",\"name\":\"La Alcazaba de M\u00e1laga - The Travels of BBQboy and Spanky\",\"isPartOf\":{\"@id\":\"https:\\\/\\\/bbqboy.net\\\/es\\\/#website\"},\"primaryImageOfPage\":{\"@id\":\"https:\\\/\\\/bbqboy.net\\\/es\\\/la-alcazaba-de-malaga\\\/#primaryimage\"},\"image\":{\"@id\":\"https:\\\/\\\/bbqboy.net\\\/es\\\/la-alcazaba-de-malaga\\\/#primaryimage\"},\"thumbnailUrl\":\"https:\\\/\\\/bbqboy.net\\\/wp-content\\\/uploads\\\/2022\\\/06\\\/IMG_7316.jpg\",\"datePublished\":\"2022-06-22T12:04:52+00:00\",\"dateModified\":\"2023-12-07T01:25:40+00:00\",\"description\":\"La Alcazaba de M\u00e1laga.\",\"breadcrumb\":{\"@id\":\"https:\\\/\\\/bbqboy.net\\\/es\\\/la-alcazaba-de-malaga\\\/#breadcrumb\"},\"inLanguage\":\"es\",\"potentialAction\":[{\"@type\":\"ReadAction\",\"target\":[\"https:\\\/\\\/bbqboy.net\\\/es\\\/la-alcazaba-de-malaga\\\/\"]}]},{\"@type\":\"ImageObject\",\"inLanguage\":\"es\",\"@id\":\"https:\\\/\\\/bbqboy.net\\\/es\\\/la-alcazaba-de-malaga\\\/#primaryimage\",\"url\":\"https:\\\/\\\/bbqboy.net\\\/wp-content\\\/uploads\\\/2022\\\/06\\\/IMG_7316.jpg\",\"contentUrl\":\"https:\\\/\\\/bbqboy.net\\\/wp-content\\\/uploads\\\/2022\\\/06\\\/IMG_7316.jpg\",\"width\":1200,\"height\":677,\"caption\":\"The Alcazaba of Malaga\"},{\"@type\":\"BreadcrumbList\",\"@id\":\"https:\\\/\\\/bbqboy.net\\\/es\\\/la-alcazaba-de-malaga\\\/#breadcrumb\",\"itemListElement\":[{\"@type\":\"ListItem\",\"position\":1,\"name\":\"Home\",\"item\":\"https:\\\/\\\/bbqboy.net\\\/es\\\/\"},{\"@type\":\"ListItem\",\"position\":2,\"name\":\"La Alcazaba de M\u00e1laga\"}]},{\"@type\":\"WebSite\",\"@id\":\"https:\\\/\\\/bbqboy.net\\\/es\\\/#website\",\"url\":\"https:\\\/\\\/bbqboy.net\\\/es\\\/\",\"name\":\"The Travels of BBQboy and Spanky\",\"description\":\"\",\"publisher\":{\"@id\":\"https:\\\/\\\/bbqboy.net\\\/es\\\/#organization\"},\"potentialAction\":[{\"@type\":\"SearchAction\",\"target\":{\"@type\":\"EntryPoint\",\"urlTemplate\":\"https:\\\/\\\/bbqboy.net\\\/es\\\/?s={search_term_string}\"},\"query-input\":{\"@type\":\"PropertyValueSpecification\",\"valueRequired\":true,\"valueName\":\"search_term_string\"}}],\"inLanguage\":\"es\"},{\"@type\":\"Organization\",\"@id\":\"https:\\\/\\\/bbqboy.net\\\/es\\\/#organization\",\"name\":\"The Travels of BBQboy and Spanky\",\"url\":\"https:\\\/\\\/bbqboy.net\\\/es\\\/\",\"logo\":{\"@type\":\"ImageObject\",\"inLanguage\":\"es\",\"@id\":\"https:\\\/\\\/bbqboy.net\\\/es\\\/#\\\/schema\\\/logo\\\/image\\\/\",\"url\":\"https:\\\/\\\/bbqboy.net\\\/wp-content\\\/uploads\\\/2021\\\/03\\\/Header-new-theme-jul-30.jpeg\",\"contentUrl\":\"https:\\\/\\\/bbqboy.net\\\/wp-content\\\/uploads\\\/2021\\\/03\\\/Header-new-theme-jul-30.jpeg\",\"width\":600,\"height\":199,\"caption\":\"The Travels of BBQboy and Spanky\"},\"image\":{\"@id\":\"https:\\\/\\\/bbqboy.net\\\/es\\\/#\\\/schema\\\/logo\\\/image\\\/\"},\"sameAs\":[\"https:\\\/\\\/x.com\\\/bbqboyandspanky\"]}]}<\/script>\n<!-- \/ Yoast SEO plugin. -->","yoast_head_json":{"title":"La Alcazaba de M\u00e1laga - The Travels of BBQboy and Spanky","description":"La Alcazaba de M\u00e1laga.","robots":{"index":"index","follow":"follow","max-snippet":"max-snippet:-1","max-image-preview":"max-image-preview:large","max-video-preview":"max-video-preview:-1"},"canonical":"https:\/\/bbqboy.net\/es\/la-alcazaba-de-malaga\/","og_locale":"es_ES","og_type":"article","og_title":"La Alcazaba de M\u00e1laga - The Travels of BBQboy and Spanky","og_description":"La Alcazaba de M\u00e1laga.","og_url":"https:\/\/bbqboy.net\/es\/la-alcazaba-de-malaga\/","og_site_name":"The Travels of BBQboy and Spanky","article_modified_time":"2023-12-07T01:25:40+00:00","og_image":[{"width":1200,"height":677,"url":"https:\/\/bbqboy.net\/wp-content\/uploads\/2022\/06\/IMG_7316.jpg","type":"image\/jpeg"}],"twitter_card":"summary_large_image","twitter_site":"@bbqboyandspanky","twitter_misc":{"Tiempo de lectura":"4 minutos"},"schema":{"@context":"https:\/\/schema.org","@graph":[{"@type":"WebPage","@id":"https:\/\/bbqboy.net\/es\/la-alcazaba-de-malaga\/","url":"https:\/\/bbqboy.net\/es\/la-alcazaba-de-malaga\/","name":"La Alcazaba de M\u00e1laga - The Travels of BBQboy and Spanky","isPartOf":{"@id":"https:\/\/bbqboy.net\/es\/#website"},"primaryImageOfPage":{"@id":"https:\/\/bbqboy.net\/es\/la-alcazaba-de-malaga\/#primaryimage"},"image":{"@id":"https:\/\/bbqboy.net\/es\/la-alcazaba-de-malaga\/#primaryimage"},"thumbnailUrl":"https:\/\/bbqboy.net\/wp-content\/uploads\/2022\/06\/IMG_7316.jpg","datePublished":"2022-06-22T12:04:52+00:00","dateModified":"2023-12-07T01:25:40+00:00","description":"La Alcazaba de M\u00e1laga.","breadcrumb":{"@id":"https:\/\/bbqboy.net\/es\/la-alcazaba-de-malaga\/#breadcrumb"},"inLanguage":"es","potentialAction":[{"@type":"ReadAction","target":["https:\/\/bbqboy.net\/es\/la-alcazaba-de-malaga\/"]}]},{"@type":"ImageObject","inLanguage":"es","@id":"https:\/\/bbqboy.net\/es\/la-alcazaba-de-malaga\/#primaryimage","url":"https:\/\/bbqboy.net\/wp-content\/uploads\/2022\/06\/IMG_7316.jpg","contentUrl":"https:\/\/bbqboy.net\/wp-content\/uploads\/2022\/06\/IMG_7316.jpg","width":1200,"height":677,"caption":"The Alcazaba of Malaga"},{"@type":"BreadcrumbList","@id":"https:\/\/bbqboy.net\/es\/la-alcazaba-de-malaga\/#breadcrumb","itemListElement":[{"@type":"ListItem","position":1,"name":"Home","item":"https:\/\/bbqboy.net\/es\/"},{"@type":"ListItem","position":2,"name":"La Alcazaba de M\u00e1laga"}]},{"@type":"WebSite","@id":"https:\/\/bbqboy.net\/es\/#website","url":"https:\/\/bbqboy.net\/es\/","name":"The Travels of BBQboy and Spanky","description":"","publisher":{"@id":"https:\/\/bbqboy.net\/es\/#organization"},"potentialAction":[{"@type":"SearchAction","target":{"@type":"EntryPoint","urlTemplate":"https:\/\/bbqboy.net\/es\/?s={search_term_string}"},"query-input":{"@type":"PropertyValueSpecification","valueRequired":true,"valueName":"search_term_string"}}],"inLanguage":"es"},{"@type":"Organization","@id":"https:\/\/bbqboy.net\/es\/#organization","name":"The Travels of BBQboy and Spanky","url":"https:\/\/bbqboy.net\/es\/","logo":{"@type":"ImageObject","inLanguage":"es","@id":"https:\/\/bbqboy.net\/es\/#\/schema\/logo\/image\/","url":"https:\/\/bbqboy.net\/wp-content\/uploads\/2021\/03\/Header-new-theme-jul-30.jpeg","contentUrl":"https:\/\/bbqboy.net\/wp-content\/uploads\/2021\/03\/Header-new-theme-jul-30.jpeg","width":600,"height":199,"caption":"The Travels of BBQboy and Spanky"},"image":{"@id":"https:\/\/bbqboy.net\/es\/#\/schema\/logo\/image\/"},"sameAs":["https:\/\/x.com\/bbqboyandspanky"]}]}},"featured_image_src":"https:\/\/bbqboy.net\/wp-content\/uploads\/2022\/06\/IMG_7316-600x400.jpg","featured_image_src_square":"https:\/\/bbqboy.net\/wp-content\/uploads\/2022\/06\/IMG_7316-600x600.jpg","acf":[],"_links":{"self":[{"href":"https:\/\/bbqboy.net\/es\/wp-json\/wp\/v2\/pages\/70536","targetHints":{"allow":["GET"]}}],"collection":[{"href":"https:\/\/bbqboy.net\/es\/wp-json\/wp\/v2\/pages"}],"about":[{"href":"https:\/\/bbqboy.net\/es\/wp-json\/wp\/v2\/types\/page"}],"author":[{"embeddable":true,"href":"https:\/\/bbqboy.net\/es\/wp-json\/wp\/v2\/users\/1"}],"replies":[{"embeddable":true,"href":"https:\/\/bbqboy.net\/es\/wp-json\/wp\/v2\/comments?post=70536"}],"version-history":[{"count":5,"href":"https:\/\/bbqboy.net\/es\/wp-json\/wp\/v2\/pages\/70536\/revisions"}],"predecessor-version":[{"id":100770,"href":"https:\/\/bbqboy.net\/es\/wp-json\/wp\/v2\/pages\/70536\/revisions\/100770"}],"wp:featuredmedia":[{"embeddable":true,"href":"https:\/\/bbqboy.net\/es\/wp-json\/wp\/v2\/media\/70527"}],"wp:attachment":[{"href":"https:\/\/bbqboy.net\/es\/wp-json\/wp\/v2\/media?parent=70536"}],"curies":[{"name":"wp","href":"https:\/\/api.w.org\/{rel}","templated":true}]}}